{"id":13540,"date":"2024-07-09T21:54:14","date_gmt":"2024-07-09T19:54:14","guid":{"rendered":"https:\/\/naturalbodycenter.es\/?page_id=13540"},"modified":"2024-07-09T21:54:16","modified_gmt":"2024-07-09T19:54:16","slug":"nosaltres","status":"publish","type":"page","link":"https:\/\/naturalbodycenter.es\/ca\/nosaltres\/","title":{"rendered":"Nosaltres"},"content":{"rendered":"<style>.kb-row-layout-id13540_46fc21-59 > .kt-row-column-wrap{align-content:center;}:where(.kb-row-layout-id13540_46fc21-59 > .kt-row-column-wrap) > .wp-block-kadence-column{justify-content:center;}.kb-row-layout-id13540_46fc21-59 > .kt-row-column-wrap{column-gap:var(--global-kb-gap-md, 2rem);row-gap:var(--global-kb-gap-md, 2rem);padding-top:var(--global-kb-spacing-sm, 1.5rem);padding-bottom:var(--global-kb-spacing-xl, 4rem);grid-template-columns:repeat(2, minmax(0, 1fr));}.kb-row-layout-id13540_46fc21-59 > .kt-row-layout-overlay{opacity:0.30;}@media all and (max-width: 1024px){.kb-row-layout-id13540_46fc21-59 > .kt-row-column-wrap{grid-template-columns:repeat(2, minmax(0, 1fr));}}@media all and (max-width: 767px){.kb-row-layout-id13540_46fc21-59 > .kt-row-column-wrap{grid-template-columns:minmax(0, 1fr);}.kb-row-layout-id13540_46fc21-59 > .kt-row-column-wrap > .wp-block-kadence-column:nth-child(1 of *:not(style)){order:2;}.kb-row-layout-id13540_46fc21-59 > .kt-row-column-wrap > .wp-block-kadence-column:nth-child(2 of *:not(style)){order:1;}.kb-row-layout-id13540_46fc21-59 > .kt-row-column-wrap > .wp-block-kadence-column:nth-child(3 of *:not(style)){order:12;}.kb-row-layout-id13540_46fc21-59 > .kt-row-column-wrap > .wp-block-kadence-column:nth-child(4 of *:not(style)){order:11;}.kb-row-layout-id13540_46fc21-59 > .kt-row-column-wrap > .wp-block-kadence-column:nth-child(5 of *:not(style)){order:22;}.kb-row-layout-id13540_46fc21-59 > .kt-row-column-wrap > .wp-block-kadence-column:nth-child(6 of *:not(style)){order:21;}.kb-row-layout-id13540_46fc21-59 > .kt-row-column-wrap > .wp-block-kadence-column:nth-child(7 of *:not(style)){order:32;}.kb-row-layout-id13540_46fc21-59 > .kt-row-column-wrap > .wp-block-kadence-column:nth-child(8 of *:not(style)){order:31;}}<\/style><div class=\"kb-row-layout-wrap kb-row-layout-id13540_46fc21-59 alignnone wp-block-kadence-rowlayout\"><div class=\"kt-row-column-wrap kt-has-2-columns kt-row-layout-equal kt-tab-layout-inherit kt-mobile-layout-row kt-row-valign-middle\">\n<style>.kadence-column13540_125a60-3e > .kt-inside-inner-col,.kadence-column13540_125a60-3e > .kt-inside-inner-col:before{border-top-left-radius:0px;border-top-right-radius:0px;border-bottom-right-radius:0px;border-bottom-left-radius:0px;}.kadence-column13540_125a60-3e > .kt-inside-inner-col{column-gap:var(--global-kb-gap-sm, 1rem);}.kadence-column13540_125a60-3e > .kt-inside-inner-col{flex-direction:column;}.kadence-column13540_125a60-3e > .kt-inside-inner-col > .aligncenter{width:100%;}.kadence-column13540_125a60-3e > .kt-inside-inner-col:before{opacity:0.3;}.kadence-column13540_125a60-3e{position:relative;}@media all and (max-width: 1024px){.kadence-column13540_125a60-3e > .kt-inside-inner-col{flex-direction:column;justify-content:center;}}@media all and (max-width: 767px){.kadence-column13540_125a60-3e > .kt-inside-inner-col{flex-direction:column;justify-content:center;}}<\/style>\n<div class=\"wp-block-kadence-column kadence-column13540_125a60-3e\"><div class=\"kt-inside-inner-col\"><style>.wp-block-kadence-advancedheading.kt-adv-heading13540_7a34a3-23, .wp-block-kadence-advancedheading.kt-adv-heading13540_7a34a3-23[data-kb-block=\"kb-adv-heading13540_7a34a3-23\"]{font-style:normal;}.wp-block-kadence-advancedheading.kt-adv-heading13540_7a34a3-23 mark.kt-highlight, .wp-block-kadence-advancedheading.kt-adv-heading13540_7a34a3-23[data-kb-block=\"kb-adv-heading13540_7a34a3-23\"] mark.kt-highlight{font-style:normal;color:#f76a0c;-webkit-box-decoration-break:clone;box-decoration-break:clone;padding-top:0px;padding-right:0px;padding-bottom:0px;padding-left:0px;}.wp-block-kadence-advancedheading.kt-adv-heading13540_7a34a3-23 img.kb-inline-image, .wp-block-kadence-advancedheading.kt-adv-heading13540_7a34a3-23[data-kb-block=\"kb-adv-heading13540_7a34a3-23\"] img.kb-inline-image{width:150px;vertical-align:baseline;}<\/style>\n<h2 class=\"kt-adv-heading13540_7a34a3-23 wp-block-kadence-advancedheading\" data-kb-block=\"kb-adv-heading13540_7a34a3-23\">Qui Som?<\/h2>\n\n\n\n<p>Som una empresa formada per metges i psic\u00f2legs especialitzats a Col\u00f2mbia, <strong>Espanya <\/strong>i els Estats Units. Comptem amb m\u00e9s de 28 anys d&#8217;experi\u00e8ncia en l&#8217;abordatge natural i integral de la Sobresitat (sobrep\u00e8s-obesitat). Promovem estils de vida saludables en les persones.<\/p>\n<\/div><\/div>\n\n\n<style>.kadence-column13540_387799-ae > .kt-inside-inner-col,.kadence-column13540_387799-ae > .kt-inside-inner-col:before{border-top-left-radius:0px;border-top-right-radius:0px;border-bottom-right-radius:0px;border-bottom-left-radius:0px;}.kadence-column13540_387799-ae > .kt-inside-inner-col{column-gap:var(--global-kb-gap-sm, 1rem);}.kadence-column13540_387799-ae > .kt-inside-inner-col{flex-direction:column;}.kadence-column13540_387799-ae > .kt-inside-inner-col > .aligncenter{width:100%;}.kadence-column13540_387799-ae > .kt-inside-inner-col:before{opacity:0.3;}.kadence-column13540_387799-ae{position:relative;}@media all and (max-width: 1024px){.kadence-column13540_387799-ae > .kt-inside-inner-col{flex-direction:column;justify-content:center;}}@media all and (max-width: 767px){.kadence-column13540_387799-ae > .kt-inside-inner-col{flex-direction:column;justify-content:center;}}<\/style>\n<div class=\"wp-block-kadence-column kadence-column13540_387799-ae\"><div class=\"kt-inside-inner-col\"><style>.kb-image13540_964687-cc .kb-image-has-overlay:after{opacity:0.3;}<\/style>\n<figure class=\"wp-block-kadence-image kb-image13540_964687-cc size-full\"><img loading=\"lazy\" decoding=\"async\" width=\"700\" height=\"467\" src=\"https:\/\/naturalbodycenter.es\/wp-content\/uploads\/2020\/01\/pensive-female-medical-worker-in-a-hospital-5AFGJP81.jpg\" alt=\"\" class=\"kb-img wp-image-4823\" srcset=\"https:\/\/naturalbodycenter.es\/wp-content\/uploads\/2020\/01\/pensive-female-medical-worker-in-a-hospital-5AFGJP81.jpg 700w, https:\/\/naturalbodycenter.es\/wp-content\/uploads\/2020\/01\/pensive-female-medical-worker-in-a-hospital-5AFGJP81-300x200.jpg 300w, https:\/\/naturalbodycenter.es\/wp-content\/uploads\/2020\/01\/pensive-female-medical-worker-in-a-hospital-5AFGJP81-600x400.jpg 600w\" sizes=\"auto, (max-width: 700px) 100vw, 700px\" \/><\/figure>\n<\/div><\/div>\n\n<\/div><\/div>\n\n<style>.kb-row-layout-id13540_49c157-34 > .kt-row-column-wrap{align-content:start;}:where(.kb-row-layout-id13540_49c157-34 > .kt-row-column-wrap) > .wp-block-kadence-column{justify-content:start;}.kb-row-layout-id13540_49c157-34 > .kt-row-column-wrap{column-gap:var(--global-kb-gap-md, 2rem);row-gap:var(--global-kb-gap-md, 2rem);max-width:var( --global-content-width, 1290px );padding-left:var(--global-content-edge-padding);padding-right:var(--global-content-edge-padding);padding-top:var(--global-kb-spacing-3xl, 6.5rem);padding-bottom:var(--global-kb-spacing-3xl, 6.5rem);grid-template-columns:minmax(0, 1fr);}.kb-row-layout-id13540_49c157-34{background-image:url('https:\/\/naturalbodycenter.es\/wp-content\/uploads\/2019\/10\/Mision.jpg');background-size:cover;background-position:center center;background-attachment:scroll;background-repeat:no-repeat;}.kb-row-layout-id13540_49c157-34 > .kt-row-layout-overlay{opacity:0.30;}.kb-row-layout-id13540_49c157-34 ,.kb-row-layout-id13540_49c157-34 h1,.kb-row-layout-id13540_49c157-34 h2,.kb-row-layout-id13540_49c157-34 h3,.kb-row-layout-id13540_49c157-34 h4,.kb-row-layout-id13540_49c157-34 h5,.kb-row-layout-id13540_49c157-34 h6{color:var(--global-palette9, #ffffff);}@media all and (max-width: 1024px){.kb-row-layout-id13540_49c157-34 > .kt-row-column-wrap{grid-template-columns:minmax(0, 1fr);}}@media all and (max-width: 767px){.kb-row-layout-id13540_49c157-34 > .kt-row-column-wrap{grid-template-columns:minmax(0, 1fr);}}<\/style><div class=\"kb-row-layout-wrap kb-row-layout-id13540_49c157-34 alignfull kt-row-has-bg wp-block-kadence-rowlayout\"><div class=\"kt-row-column-wrap kt-has-1-columns kt-row-layout-equal kt-tab-layout-inherit kt-mobile-layout-row kt-row-valign-top kb-theme-content-width\">\n<style>.kadence-column13540_e33563-9a > .kt-inside-inner-col,.kadence-column13540_e33563-9a > .kt-inside-inner-col:before{border-top-left-radius:0px;border-top-right-radius:0px;border-bottom-right-radius:0px;border-bottom-left-radius:0px;}.kadence-column13540_e33563-9a > .kt-inside-inner-col{column-gap:var(--global-kb-gap-sm, 1rem);}.kadence-column13540_e33563-9a > .kt-inside-inner-col{flex-direction:column;}.kadence-column13540_e33563-9a > .kt-inside-inner-col > .aligncenter{width:100%;}.kadence-column13540_e33563-9a > .kt-inside-inner-col:before{opacity:0.3;}.kadence-column13540_e33563-9a{position:relative;}@media all and (max-width: 1024px){.kadence-column13540_e33563-9a > .kt-inside-inner-col{flex-direction:column;justify-content:center;}}@media all and (max-width: 767px){.kadence-column13540_e33563-9a > .kt-inside-inner-col{flex-direction:column;justify-content:center;}}<\/style>\n<div class=\"wp-block-kadence-column kadence-column13540_e33563-9a\"><div class=\"kt-inside-inner-col\"><style>.wp-block-kadence-advancedheading.kt-adv-heading13540_8e4e40-26, .wp-block-kadence-advancedheading.kt-adv-heading13540_8e4e40-26[data-kb-block=\"kb-adv-heading13540_8e4e40-26\"]{font-size:var(--global-kb-font-size-lg, 2rem);font-style:normal;}.wp-block-kadence-advancedheading.kt-adv-heading13540_8e4e40-26 mark.kt-highlight, .wp-block-kadence-advancedheading.kt-adv-heading13540_8e4e40-26[data-kb-block=\"kb-adv-heading13540_8e4e40-26\"] mark.kt-highlight{font-style:normal;color:#f76a0c;-webkit-box-decoration-break:clone;box-decoration-break:clone;padding-top:0px;padding-right:0px;padding-bottom:0px;padding-left:0px;}.wp-block-kadence-advancedheading.kt-adv-heading13540_8e4e40-26 img.kb-inline-image, .wp-block-kadence-advancedheading.kt-adv-heading13540_8e4e40-26[data-kb-block=\"kb-adv-heading13540_8e4e40-26\"] img.kb-inline-image{width:150px;vertical-align:baseline;}<\/style>\n<h3 class=\"kt-adv-heading13540_8e4e40-26 wp-block-kadence-advancedheading\" data-kb-block=\"kb-adv-heading13540_8e4e40-26\">Missi\u00f3<\/h3>\n\n\n<style>.wp-block-kadence-spacer.kt-block-spacer-13540_9f096b-35 .kt-block-spacer{height:22px;}.wp-block-kadence-spacer.kt-block-spacer-13540_9f096b-35 .kt-divider{border-top-width:3px;height:1px;border-top-color:#0081c5;width:10%;border-top-style:solid;}<\/style>\n<div class=\"wp-block-kadence-spacer aligncenter kt-block-spacer-13540_9f096b-35\"><div class=\"kt-block-spacer kt-block-spacer-halign-left\"><hr class=\"kt-divider\"\/><\/div><\/div>\n\n\n\n<p>Oferir serveis m\u00e8dics integrals orientats a la promoci\u00f3, prevenci\u00f3 i tractament de la malaltia de la Sobresitat (sobrep\u00e8s-obesitat) i comorbiditats associades. Aconseguir la reeducaci\u00f3 metab\u00f2lica i la formaci\u00f3 d&#8217;h\u00e0bits de vida saludables en la poblaci\u00f3 espanyola.<\/p>\n<\/div><\/div>\n\n<\/div><\/div>\n\n<style>.kb-row-layout-id13540_a0c8c3-cc > .kt-row-column-wrap{align-content:center;}:where(.kb-row-layout-id13540_a0c8c3-cc > .kt-row-column-wrap) > .wp-block-kadence-column{justify-content:center;}.kb-row-layout-id13540_a0c8c3-cc > .kt-row-column-wrap{column-gap:var(--global-kb-gap-md, 2rem);row-gap:var(--global-kb-gap-md, 2rem);padding-top:var(--global-kb-spacing-3xl, 6.5rem);padding-bottom:var(--global-kb-spacing-3xl, 6.5rem);grid-template-columns:repeat(2, minmax(0, 1fr));}.kb-row-layout-id13540_a0c8c3-cc > .kt-row-layout-overlay{opacity:0.30;}@media all and (max-width: 1024px){.kb-row-layout-id13540_a0c8c3-cc > .kt-row-column-wrap{grid-template-columns:repeat(2, minmax(0, 1fr));}}@media all and (max-width: 767px){.kb-row-layout-id13540_a0c8c3-cc > .kt-row-column-wrap{grid-template-columns:minmax(0, 1fr);}}<\/style><div class=\"kb-row-layout-wrap kb-row-layout-id13540_a0c8c3-cc alignnone wp-block-kadence-rowlayout\"><div class=\"kt-row-column-wrap kt-has-2-columns kt-row-layout-equal kt-tab-layout-inherit kt-mobile-layout-row kt-row-valign-middle\">\n<style>.kadence-column13540_4411c2-71 > .kt-inside-inner-col,.kadence-column13540_4411c2-71 > .kt-inside-inner-col:before{border-top-left-radius:0px;border-top-right-radius:0px;border-bottom-right-radius:0px;border-bottom-left-radius:0px;}.kadence-column13540_4411c2-71 > .kt-inside-inner-col{column-gap:var(--global-kb-gap-sm, 1rem);}.kadence-column13540_4411c2-71 > .kt-inside-inner-col{flex-direction:column;}.kadence-column13540_4411c2-71 > .kt-inside-inner-col > .aligncenter{width:100%;}.kadence-column13540_4411c2-71 > .kt-inside-inner-col:before{opacity:0.3;}.kadence-column13540_4411c2-71{position:relative;}@media all and (max-width: 1024px){.kadence-column13540_4411c2-71 > .kt-inside-inner-col{flex-direction:column;justify-content:center;}}@media all and (max-width: 767px){.kadence-column13540_4411c2-71 > .kt-inside-inner-col{flex-direction:column;justify-content:center;}}<\/style>\n<div class=\"wp-block-kadence-column kadence-column13540_4411c2-71\"><div class=\"kt-inside-inner-col\"><style>.kb-image13540_7a114e-3b .kb-image-has-overlay:after{opacity:0.3;}<\/style>\n<figure class=\"wp-block-kadence-image kb-image13540_7a114e-3b size-full\"><img loading=\"lazy\" decoding=\"async\" width=\"680\" height=\"454\" src=\"https:\/\/naturalbodycenter.es\/wp-content\/uploads\/2019\/10\/Vision.jpg\" alt=\"\" class=\"kb-img wp-image-3280\" srcset=\"https:\/\/naturalbodycenter.es\/wp-content\/uploads\/2019\/10\/Vision.jpg 680w, https:\/\/naturalbodycenter.es\/wp-content\/uploads\/2019\/10\/Vision-300x200.jpg 300w, https:\/\/naturalbodycenter.es\/wp-content\/uploads\/2019\/10\/Vision-600x401.jpg 600w\" sizes=\"auto, (max-width: 680px) 100vw, 680px\" \/><\/figure>\n<\/div><\/div>\n\n\n<style>.kadence-column13540_086fd2-43 > .kt-inside-inner-col,.kadence-column13540_086fd2-43 > .kt-inside-inner-col:before{border-top-left-radius:0px;border-top-right-radius:0px;border-bottom-right-radius:0px;border-bottom-left-radius:0px;}.kadence-column13540_086fd2-43 > .kt-inside-inner-col{column-gap:var(--global-kb-gap-sm, 1rem);}.kadence-column13540_086fd2-43 > .kt-inside-inner-col{flex-direction:column;}.kadence-column13540_086fd2-43 > .kt-inside-inner-col > .aligncenter{width:100%;}.kadence-column13540_086fd2-43 > .kt-inside-inner-col:before{opacity:0.3;}.kadence-column13540_086fd2-43{position:relative;}@media all and (max-width: 1024px){.kadence-column13540_086fd2-43 > .kt-inside-inner-col{flex-direction:column;justify-content:center;}}@media all and (max-width: 767px){.kadence-column13540_086fd2-43 > .kt-inside-inner-col{flex-direction:column;justify-content:center;}}<\/style>\n<div class=\"wp-block-kadence-column kadence-column13540_086fd2-43\"><div class=\"kt-inside-inner-col\"><style>.wp-block-kadence-advancedheading.kt-adv-heading13540_71077f-c5, .wp-block-kadence-advancedheading.kt-adv-heading13540_71077f-c5[data-kb-block=\"kb-adv-heading13540_71077f-c5\"]{font-size:var(--global-kb-font-size-lg, 2rem);font-style:normal;}.wp-block-kadence-advancedheading.kt-adv-heading13540_71077f-c5 mark.kt-highlight, .wp-block-kadence-advancedheading.kt-adv-heading13540_71077f-c5[data-kb-block=\"kb-adv-heading13540_71077f-c5\"] mark.kt-highlight{font-style:normal;color:#f76a0c;-webkit-box-decoration-break:clone;box-decoration-break:clone;padding-top:0px;padding-right:0px;padding-bottom:0px;padding-left:0px;}.wp-block-kadence-advancedheading.kt-adv-heading13540_71077f-c5 img.kb-inline-image, .wp-block-kadence-advancedheading.kt-adv-heading13540_71077f-c5[data-kb-block=\"kb-adv-heading13540_71077f-c5\"] img.kb-inline-image{width:150px;vertical-align:baseline;}<\/style>\n<h3 class=\"kt-adv-heading13540_71077f-c5 wp-block-kadence-advancedheading\" data-kb-block=\"kb-adv-heading13540_71077f-c5\">Visi\u00f3<\/h3>\n\n\n<style>.wp-block-kadence-spacer.kt-block-spacer-13540_0d9d4f-0a .kt-block-spacer{height:22px;}.wp-block-kadence-spacer.kt-block-spacer-13540_0d9d4f-0a .kt-divider{border-top-width:3px;height:1px;border-top-color:#0081c5;width:10%;border-top-style:solid;}<\/style>\n<div class=\"wp-block-kadence-spacer aligncenter kt-block-spacer-13540_0d9d4f-0a\"><div class=\"kt-block-spacer kt-block-spacer-halign-left\"><hr class=\"kt-divider\"\/><\/div><\/div>\n\n\n\n<p>Continuar sent l\u00edder en la prevenci\u00f3, diagn\u00f2stic i tractament de la Sobresitat (sobrep\u00e8s-obesitat). Mantenint processos eficients i resultats efectius. Ampliant la cobertura i generant noves estrat\u00e8gies per ser referents a nivell nacional i internacional com a gestors d&#8217;h\u00e0bits de vida saludables.<\/p>\n<\/div><\/div>\n\n<\/div><\/div>","protected":false},"excerpt":{"rendered":"<p>Qui Som? Som una empresa formada per metges i psic\u00f2legs especialitzats a Col\u00f2mbia, Espanya i els Estats Units. Comptem amb m\u00e9s de 28 anys d&#8217;experi\u00e8ncia en l&#8217;abordatge natural i integral de la Sobresitat (sobrep\u00e8s-obesitat). Promovem estils de vida saludables en les persones. Missi\u00f3 Oferir serveis m\u00e8dics integrals orientats a la promoci\u00f3, prevenci\u00f3 i tractament de&#8230;<\/p>\n","protected":false},"author":1,"featured_media":0,"parent":0,"menu_order":0,"comment_status":"closed","ping_status":"closed","template":"","meta":{"bwfblock_default_font":"","_gspb_post_css":"","_kad_blocks_custom_css":"","_kad_blocks_head_custom_js":"","_kad_blocks_body_custom_js":"","_kad_blocks_footer_custom_js":"","_kad_post_transparent":"","_kad_post_title":"","_kad_post_layout":"","_kad_post_sidebar_id":"","_kad_post_content_style":"","_kad_post_vertical_padding":"","_kad_post_feature":"","_kad_post_feature_position":"","_kad_post_header":false,"_kad_post_footer":false,"_kad_post_classname":"","footnotes":""},"class_list":["post-13540","page","type-page","status-publish","hentry"],"taxonomy_info":[],"featured_image_src_large":false,"author_info":{"display_name":"Natural","author_link":"https:\/\/naturalbodycenter.es\/ca\/author\/imagina\/"},"comment_info":0,"_links":{"self":[{"href":"https:\/\/naturalbodycenter.es\/ca\/wp-json\/wp\/v2\/pages\/13540","targetHints":{"allow":["GET"]}}],"collection":[{"href":"https:\/\/naturalbodycenter.es\/ca\/wp-json\/wp\/v2\/pages"}],"about":[{"href":"https:\/\/naturalbodycenter.es\/ca\/wp-json\/wp\/v2\/types\/page"}],"author":[{"embeddable":true,"href":"https:\/\/naturalbodycenter.es\/ca\/wp-json\/wp\/v2\/users\/1"}],"replies":[{"embeddable":true,"href":"https:\/\/naturalbodycenter.es\/ca\/wp-json\/wp\/v2\/comments?post=13540"}],"version-history":[{"count":1,"href":"https:\/\/naturalbodycenter.es\/ca\/wp-json\/wp\/v2\/pages\/13540\/revisions"}],"predecessor-version":[{"id":13541,"href":"https:\/\/naturalbodycenter.es\/ca\/wp-json\/wp\/v2\/pages\/13540\/revisions\/13541"}],"wp:attachment":[{"href":"https:\/\/naturalbodycenter.es\/ca\/wp-json\/wp\/v2\/media?parent=13540"}],"curies":[{"name":"wp","href":"https:\/\/api.w.org\/{rel}","templated":true}]}}