{"id":13565,"date":"2024-07-09T22:01:03","date_gmt":"2024-07-09T20:01:03","guid":{"rendered":"https:\/\/naturalbodycenter.es\/?page_id=13565"},"modified":"2024-07-09T22:07:58","modified_gmt":"2024-07-09T20:07:58","slug":"contacte","status":"publish","type":"page","link":"https:\/\/naturalbodycenter.es\/ca\/contacte\/","title":{"rendered":"Contacte"},"content":{"rendered":"<style>.kb-row-layout-id13565_921a28-71 > .kt-row-column-wrap{align-content:start;}:where(.kb-row-layout-id13565_921a28-71 > .kt-row-column-wrap) > .wp-block-kadence-column{justify-content:start;}.kb-row-layout-id13565_921a28-71 > .kt-row-column-wrap{column-gap:var(--global-kb-gap-md, 2rem);row-gap:var(--global-kb-gap-md, 2rem);padding-top:var(--global-kb-spacing-xxl, 5rem);padding-bottom:var(--global-kb-spacing-xxl, 5rem);grid-template-columns:minmax(0, 1fr);}.kb-row-layout-id13565_921a28-71{background-image:url('https:\/\/naturalbodycenter.es\/wp-content\/uploads\/2020\/01\/contacto-natural-bc.jpg');background-size:cover;background-position:center center;background-attachment:scroll;background-repeat:no-repeat;}.kb-row-layout-id13565_921a28-71 > .kt-row-layout-overlay{opacity:0.50;background-color:#a2c5d6;}@media all and (max-width: 1024px){.kb-row-layout-id13565_921a28-71 > .kt-row-column-wrap{grid-template-columns:minmax(0, 1fr);}}@media all and (max-width: 767px){.kb-row-layout-id13565_921a28-71 > .kt-row-column-wrap{grid-template-columns:minmax(0, 1fr);}}<\/style><div class=\"kb-row-layout-wrap kb-row-layout-id13565_921a28-71 alignfull kt-row-has-bg wp-block-kadence-rowlayout\"><div class=\"kt-row-layout-overlay kt-row-overlay-normal\"><\/div><div class=\"kt-row-column-wrap kt-has-1-columns kt-row-layout-equal kt-tab-layout-inherit kt-mobile-layout-row kt-row-valign-top\">\n<style>.kadence-column13565_13dfe7-1b > .kt-inside-inner-col,.kadence-column13565_13dfe7-1b > .kt-inside-inner-col:before{border-top-left-radius:0px;border-top-right-radius:0px;border-bottom-right-radius:0px;border-bottom-left-radius:0px;}.kadence-column13565_13dfe7-1b > .kt-inside-inner-col{column-gap:var(--global-kb-gap-sm, 1rem);}.kadence-column13565_13dfe7-1b > .kt-inside-inner-col{flex-direction:column;}.kadence-column13565_13dfe7-1b > .kt-inside-inner-col > .aligncenter{width:100%;}.kadence-column13565_13dfe7-1b > .kt-inside-inner-col:before{opacity:0.3;}.kadence-column13565_13dfe7-1b{position:relative;}@media all and (max-width: 1024px){.kadence-column13565_13dfe7-1b > .kt-inside-inner-col{flex-direction:column;justify-content:center;}}@media all and (max-width: 767px){.kadence-column13565_13dfe7-1b > .kt-inside-inner-col{flex-direction:column;justify-content:center;}}<\/style>\n<div class=\"wp-block-kadence-column kadence-column13565_13dfe7-1b\"><div class=\"kt-inside-inner-col\"><style>.wp-block-kadence-advancedheading.kt-adv-heading13565_fdc879-bd, .wp-block-kadence-advancedheading.kt-adv-heading13565_fdc879-bd[data-kb-block=\"kb-adv-heading13565_fdc879-bd\"]{text-align:center;font-size:var(--global-kb-font-size-lg, 2rem);font-style:normal;}.wp-block-kadence-advancedheading.kt-adv-heading13565_fdc879-bd mark.kt-highlight, .wp-block-kadence-advancedheading.kt-adv-heading13565_fdc879-bd[data-kb-block=\"kb-adv-heading13565_fdc879-bd\"] mark.kt-highlight{font-style:normal;color:#f76a0c;-webkit-box-decoration-break:clone;box-decoration-break:clone;padding-top:0px;padding-right:0px;padding-bottom:0px;padding-left:0px;}.wp-block-kadence-advancedheading.kt-adv-heading13565_fdc879-bd img.kb-inline-image, .wp-block-kadence-advancedheading.kt-adv-heading13565_fdc879-bd[data-kb-block=\"kb-adv-heading13565_fdc879-bd\"] img.kb-inline-image{width:150px;vertical-align:baseline;}<\/style>\n<h2 class=\"kt-adv-heading13565_fdc879-bd wp-block-kadence-advancedheading has-theme-palette-9-color has-text-color\" data-kb-block=\"kb-adv-heading13565_fdc879-bd\">Contacte<\/h2>\n<\/div><\/div>\n\n<\/div><\/div>\n\n<style>.kb-row-layout-id13565_3d94fd-d0 > .kt-row-column-wrap{align-content:start;}:where(.kb-row-layout-id13565_3d94fd-d0 > .kt-row-column-wrap) > .wp-block-kadence-column{justify-content:start;}.kb-row-layout-id13565_3d94fd-d0 > .kt-row-column-wrap{column-gap:var(--global-kb-gap-md, 2rem);row-gap:var(--global-kb-gap-md, 2rem);max-width:648px;margin-left:auto;margin-right:auto;padding-top:var(--global-kb-spacing-xl, 4rem);padding-bottom:var(--global-kb-spacing-xl, 4rem);grid-template-columns:minmax(0, 1fr);}.kb-row-layout-id13565_3d94fd-d0{background-color:#f1f7fa;}.kb-row-layout-id13565_3d94fd-d0 > .kt-row-layout-overlay{opacity:0.30;}@media all and (max-width: 1024px){.kb-row-layout-id13565_3d94fd-d0 > .kt-row-column-wrap{grid-template-columns:minmax(0, 1fr);}}@media all and (max-width: 767px){.kb-row-layout-id13565_3d94fd-d0 > .kt-row-column-wrap{grid-template-columns:minmax(0, 1fr);}}<\/style><div class=\"kb-row-layout-wrap kb-row-layout-id13565_3d94fd-d0 alignfull kt-row-has-bg wp-block-kadence-rowlayout\"><div class=\"kt-row-column-wrap kt-has-1-columns kt-row-layout-equal kt-tab-layout-inherit kt-mobile-layout-row kt-row-valign-top\">\n<style>.kadence-column13565_f599ec-29 > .kt-inside-inner-col{padding-top:35px;padding-right:35px;padding-bottom:35px;padding-left:35px;}.kadence-column13565_f599ec-29 > .kt-inside-inner-col,.kadence-column13565_f599ec-29 > .kt-inside-inner-col:before{border-top-left-radius:0px;border-top-right-radius:0px;border-bottom-right-radius:0px;border-bottom-left-radius:0px;}.kadence-column13565_f599ec-29 > .kt-inside-inner-col{column-gap:var(--global-kb-gap-sm, 1rem);}.kadence-column13565_f599ec-29 > .kt-inside-inner-col{flex-direction:column;}.kadence-column13565_f599ec-29 > .kt-inside-inner-col > .aligncenter{width:100%;}.kadence-column13565_f599ec-29 > .kt-inside-inner-col{background-color:var(--global-palette9, #ffffff);}.kadence-column13565_f599ec-29 > .kt-inside-inner-col:before{opacity:0.3;}.kadence-column13565_f599ec-29{position:relative;}@media all and (max-width: 1024px){.kadence-column13565_f599ec-29 > .kt-inside-inner-col{flex-direction:column;justify-content:center;}}@media all and (max-width: 767px){.kadence-column13565_f599ec-29 > .kt-inside-inner-col{flex-direction:column;justify-content:center;}}<\/style>\n<div class=\"wp-block-kadence-column kadence-column13565_f599ec-29\"><div class=\"kt-inside-inner-col\"><style>.wp-block-kadence-advancedheading.kt-adv-heading13565_71295a-a9, .wp-block-kadence-advancedheading.kt-adv-heading13565_71295a-a9[data-kb-block=\"kb-adv-heading13565_71295a-a9\"]{padding-bottom:var(--global-kb-spacing-xs, 1rem);text-align:center;font-style:normal;}.wp-block-kadence-advancedheading.kt-adv-heading13565_71295a-a9 mark.kt-highlight, .wp-block-kadence-advancedheading.kt-adv-heading13565_71295a-a9[data-kb-block=\"kb-adv-heading13565_71295a-a9\"] mark.kt-highlight{font-style:normal;color:#f76a0c;-webkit-box-decoration-break:clone;box-decoration-break:clone;padding-top:0px;padding-right:0px;padding-bottom:0px;padding-left:0px;}.wp-block-kadence-advancedheading.kt-adv-heading13565_71295a-a9 img.kb-inline-image, .wp-block-kadence-advancedheading.kt-adv-heading13565_71295a-a9[data-kb-block=\"kb-adv-heading13565_71295a-a9\"] img.kb-inline-image{width:150px;vertical-align:baseline;}<\/style>\n<h2 class=\"kt-adv-heading13565_71295a-a9 wp-block-kadence-advancedheading has-kb-palette-1-color has-text-color\" data-kb-block=\"kb-adv-heading13565_71295a-a9\">Com podem ajudar-te?<\/h2>\n\n\n<script>\nvar gform;gform||(document.addEventListener(\"gform_main_scripts_loaded\",function(){gform.scriptsLoaded=!0}),document.addEventListener(\"gform\/theme\/scripts_loaded\",function(){gform.themeScriptsLoaded=!0}),window.addEventListener(\"DOMContentLoaded\",function(){gform.domLoaded=!0}),gform={domLoaded:!1,scriptsLoaded:!1,themeScriptsLoaded:!1,isFormEditor:()=>\"function\"==typeof InitializeEditor,callIfLoaded:function(o){return!(!gform.domLoaded||!gform.scriptsLoaded||!gform.themeScriptsLoaded&&!gform.isFormEditor()||(gform.isFormEditor()&&console.warn(\"The use of gform.initializeOnLoaded() is deprecated in the form editor context and will be removed in Gravity Forms 3.1.\"),o(),0))},initializeOnLoaded:function(o){gform.callIfLoaded(o)||(document.addEventListener(\"gform_main_scripts_loaded\",()=>{gform.scriptsLoaded=!0,gform.callIfLoaded(o)}),document.addEventListener(\"gform\/theme\/scripts_loaded\",()=>{gform.themeScriptsLoaded=!0,gform.callIfLoaded(o)}),window.addEventListener(\"DOMContentLoaded\",()=>{gform.domLoaded=!0,gform.callIfLoaded(o)}))},hooks:{action:{},filter:{}},addAction:function(o,r,e,t){gform.addHook(\"action\",o,r,e,t)},addFilter:function(o,r,e,t){gform.addHook(\"filter\",o,r,e,t)},doAction:function(o){gform.doHook(\"action\",o,arguments)},applyFilters:function(o){return gform.doHook(\"filter\",o,arguments)},removeAction:function(o,r){gform.removeHook(\"action\",o,r)},removeFilter:function(o,r,e){gform.removeHook(\"filter\",o,r,e)},addHook:function(o,r,e,t,n){null==gform.hooks[o][r]&&(gform.hooks[o][r]=[]);var d=gform.hooks[o][r];null==n&&(n=r+\"_\"+d.length),gform.hooks[o][r].push({tag:n,callable:e,priority:t=null==t?10:t})},doHook:function(r,o,e){var t;if(e=Array.prototype.slice.call(e,1),null!=gform.hooks[r][o]&&((o=gform.hooks[r][o]).sort(function(o,r){return o.priority-r.priority}),o.forEach(function(o){\"function\"!=typeof(t=o.callable)&&(t=window[t]),\"action\"==r?t.apply(null,e):e[0]=t.apply(null,e)})),\"filter\"==r)return e[0]},removeHook:function(o,r,t,n){var e;null!=gform.hooks[o][r]&&(e=(e=gform.hooks[o][r]).filter(function(o,r,e){return!!(null!=n&&n!=o.tag||null!=t&&t!=o.priority)}),gform.hooks[o][r]=e)}});\n<\/script>\n\n                <div class='gf_browser_gecko gform_wrapper gravity-theme gform-theme--no-framework' data-form-theme='gravity-theme' data-form-index='0' id='gform_wrapper_12' ><form method='post' enctype='multipart\/form-data'  id='gform_12'  action='\/ca\/wp-json\/wp\/v2\/pages\/13565' data-formid='12' novalidate>\n                        <div class='gform-body gform_body'><div id='gform_fields_12' class='gform_fields top_label form_sublabel_below description_below validation_below'><div id=\"field_12_8\" class=\"gfield gfield--type-honeypot gform_validation_container field_sublabel_below gfield--has-description field_description_below field_validation_below gfield_visibility_visible\"  ><label class='gfield_label gform-field-label' for='input_12_8'>URL<\/label><div class='ginput_container'><input name='input_8' id='input_12_8' type='text' value='' autocomplete='new-password'\/><\/div><div class='gfield_description' id='gfield_description_12_8'>Aquest camp nom\u00e9s \u00e9s per validaci\u00f3 i no s&#8217;ha de modificar.<\/div><\/div><div id=\"field_12_1\" class=\"gfield gfield--type-text gfield--input-type-text gfield--width-half gfield_contains_required field_sublabel_below gfield--no-description field_description_below hidden_label field_validation_below gfield_visibility_visible\"  ><label class='gfield_label gform-field-label' for='input_12_1'>Nombre1<span class=\"gfield_required\"><span class=\"gfield_required gfield_required_text\">(Obligatori)<\/span><\/span><\/label><div class='ginput_container ginput_container_text'><input name='input_1' id='input_12_1' type='text' value='' class='large'    placeholder='Nom' aria-required=\"true\" aria-invalid=\"false\"   \/><\/div><\/div><div id=\"field_12_3\" class=\"gfield gfield--type-phone gfield--input-type-phone gfield--width-half gfield_contains_required field_sublabel_below gfield--no-description field_description_below hidden_label field_validation_below gfield_visibility_visible\"  ><label class='gfield_label gform-field-label' for='input_12_3'>Celular<span class=\"gfield_required\"><span class=\"gfield_required gfield_required_text\">(Obligatori)<\/span><\/span><\/label><div class='ginput_container ginput_container_phone'><input name='input_3' id='input_12_3' type='tel' value='' class='large'  placeholder='tel\u00e8fon m\u00f2bil' aria-required=\"true\" aria-invalid=\"false\"   \/><\/div><\/div><div id=\"field_12_4\" class=\"gfield gfield--type-email gfield--input-type-email gfield--width-full gfield_contains_required field_sublabel_below gfield--no-description field_description_below hidden_label field_validation_below gfield_visibility_visible\"  ><label class='gfield_label gform-field-label' for='input_12_4'>Email<span class=\"gfield_required\"><span class=\"gfield_required gfield_required_text\">(Obligatori)<\/span><\/span><\/label><div class='ginput_container ginput_container_email'>\n                            <input name='input_4' id='input_12_4' type='email' value='' class='large'   placeholder='correu electr\u00f2nic' aria-required=\"true\" aria-invalid=\"false\"  \/>\n                        <\/div><\/div><div id=\"field_12_5\" class=\"gfield gfield--type-text gfield--input-type-text gfield--width-half gfield_contains_required field_sublabel_below gfield--no-description field_description_below hidden_label field_validation_below gfield_visibility_visible\"  ><label class='gfield_label gform-field-label' for='input_12_5'>Asunto<span class=\"gfield_required\"><span class=\"gfield_required gfield_required_text\">(Obligatori)<\/span><\/span><\/label><div class='ginput_container ginput_container_text'><input name='input_5' id='input_12_5' type='text' value='' class='large'    placeholder='assumpte' aria-required=\"true\" aria-invalid=\"false\"   \/><\/div><\/div><div id=\"field_12_6\" class=\"gfield gfield--type-text gfield--input-type-text gfield--width-half gfield_contains_required field_sublabel_below gfield--no-description field_description_below hidden_label field_validation_below gfield_visibility_visible\"  ><label class='gfield_label gform-field-label' for='input_12_6'>Ciudad<span class=\"gfield_required\"><span class=\"gfield_required gfield_required_text\">(Obligatori)<\/span><\/span><\/label><div class='ginput_container ginput_container_text'><input name='input_6' id='input_12_6' type='text' value='' class='large'    placeholder='ciutat' aria-required=\"true\" aria-invalid=\"false\"   \/><\/div><\/div><div id=\"field_12_7\" class=\"gfield gfield--type-textarea gfield--input-type-textarea gfield--width-full gfield_contains_required field_sublabel_below gfield--no-description field_description_below hidden_label field_validation_below gfield_visibility_visible\"  ><label class='gfield_label gform-field-label' for='input_12_7'>Comentario<span class=\"gfield_required\"><span class=\"gfield_required gfield_required_text\">(Obligatori)<\/span><\/span><\/label><div class='ginput_container ginput_container_textarea'><textarea name='input_7' id='input_12_7' class='textarea small'    placeholder='escriu el teu comentari' aria-required=\"true\" aria-invalid=\"false\"   rows='10' cols='50'><\/textarea><\/div><\/div><\/div><\/div>\n        <div class='gform-footer gform_footer top_label'> <input type='submit' id='gform_submit_button_12' class='gform_button button' onclick='gform.submission.handleButtonClick(this);' data-submission-type='submit' value='Enviar'  \/> \n            <input type='hidden' class='gform_hidden' name='gform_submission_method' data-js='gform_submission_method_12' value='postback' \/>\n            <input type='hidden' class='gform_hidden' name='gform_theme' data-js='gform_theme_12' id='gform_theme_12' value='gravity-theme' \/>\n            <input type='hidden' class='gform_hidden' name='gform_style_settings' data-js='gform_style_settings_12' id='gform_style_settings_12' value='{&quot;inputPrimaryColor&quot;:&quot;#204ce5&quot;}' \/>\n            <input type='hidden' class='gform_hidden' name='is_submit_12' value='1' \/>\n            <input type='hidden' class='gform_hidden' name='gform_submit' value='12' \/>\n            \n            <input type='hidden' class='gform_hidden' name='gform_currency' data-currency='USD' value='w086yyLjshbIfkIrIM0d4fpiti+c6amFOyt2LNgvfXvuvWHHDNJiyiRG7ZzAM1eD6gidD\/NDwIEB6nhFZfBiEHNzrh+Fg8iUxRatIMEwuao66Vs=' \/>\n            <input type='hidden' class='gform_hidden' name='gform_unique_id' value='' \/>\n            <input type='hidden' class='gform_hidden' name='state_12' value='WyJbXSIsIjhjZjI5ZmYwODI4YmQwYjJiYWIwOGQ0YjhhMDE1NjVlIl0=' \/>\n            <input type='hidden' autocomplete='off' class='gform_hidden' name='gform_target_page_number_12' id='gform_target_page_number_12' value='0' \/>\n            <input type='hidden' autocomplete='off' class='gform_hidden' name='gform_source_page_number_12' id='gform_source_page_number_12' value='1' \/>\n            <input type='hidden' name='gform_field_values' value='' \/>\n            \n        <\/div>\n                        <\/form>\n                        <\/div><script>\ngform.initializeOnLoaded( function() {gformInitSpinner( 12, 'https:\/\/naturalbodycenter.es\/wp-content\/plugins\/gravityforms\/images\/spinner.svg', true );jQuery('#gform_ajax_frame_12').on('load',function(){var contents = jQuery(this).contents().find('*').html();var is_postback = contents.indexOf('GF_AJAX_POSTBACK') >= 0;if(!is_postback){return;}var form_content = jQuery(this).contents().find('#gform_wrapper_12');var is_confirmation = jQuery(this).contents().find('#gform_confirmation_wrapper_12').length > 0;var is_redirect = contents.indexOf('gformRedirect(){') >= 0;var is_form = form_content.length > 0 && ! is_redirect && ! is_confirmation;var mt = parseInt(jQuery('html').css('margin-top'), 10) + parseInt(jQuery('body').css('margin-top'), 10) + 100;if(is_form){jQuery('#gform_wrapper_12').html(form_content.html());if(form_content.hasClass('gform_validation_error')){jQuery('#gform_wrapper_12').addClass('gform_validation_error');} else {jQuery('#gform_wrapper_12').removeClass('gform_validation_error');}setTimeout( function() { \/* delay the scroll by 50 milliseconds to fix a bug in chrome *\/  }, 50 );if(window['gformInitDatepicker']) {gformInitDatepicker();}if(window['gformInitPriceFields']) {gformInitPriceFields();}var current_page = jQuery('#gform_source_page_number_12').val();gformInitSpinner( 12, 'https:\/\/naturalbodycenter.es\/wp-content\/plugins\/gravityforms\/images\/spinner.svg', true );jQuery(document).trigger('gform_page_loaded', [12, current_page]);window['gf_submitting_12'] = false;}else if(!is_redirect){var confirmation_content = jQuery(this).contents().find('.GF_AJAX_POSTBACK').html();if(!confirmation_content){confirmation_content = contents;}jQuery('#gform_wrapper_12').replaceWith(confirmation_content);jQuery(document).trigger('gform_confirmation_loaded', [12]);window['gf_submitting_12'] = false;wp.a11y.speak(jQuery('#gform_confirmation_message_12').text());}else{jQuery('#gform_12').append(contents);if(window['gformRedirect']) {gformRedirect();}}jQuery(document).trigger(\"gform_pre_post_render\", [{ formId: \"12\", currentPage: \"current_page\", abort: function() { this.preventDefault(); } }]);        if (event && event.defaultPrevented) {                return;        }        const gformWrapperDiv = document.getElementById( \"gform_wrapper_12\" );        if ( gformWrapperDiv ) {            const visibilitySpan = document.createElement( \"span\" );            visibilitySpan.id = \"gform_visibility_test_12\";            gformWrapperDiv.insertAdjacentElement( \"afterend\", visibilitySpan );        }        const visibilityTestDiv = document.getElementById( \"gform_visibility_test_12\" );        let postRenderFired = false;        function triggerPostRender() {            if ( postRenderFired ) {                return;            }            postRenderFired = true;            gform.core.triggerPostRenderEvents( 12, current_page );            if ( visibilityTestDiv ) {                visibilityTestDiv.parentNode.removeChild( visibilityTestDiv );            }        }        function debounce( func, wait, immediate ) {            var timeout;            return function() {                var context = this, args = arguments;                var later = function() {                    timeout = null;                    if ( !immediate ) func.apply( context, args );                };                var callNow = immediate && !timeout;                clearTimeout( timeout );                timeout = setTimeout( later, wait );                if ( callNow ) func.apply( context, args );            };        }        const debouncedTriggerPostRender = debounce( function() {            triggerPostRender();        }, 200 );        if ( visibilityTestDiv && visibilityTestDiv.offsetParent === null ) {            const observer = new MutationObserver( ( mutations ) => {                mutations.forEach( ( mutation ) => {                    if ( mutation.type === 'attributes' && visibilityTestDiv.offsetParent !== null ) {                        debouncedTriggerPostRender();                        observer.disconnect();                    }                });            });            observer.observe( document.body, {                attributes: true,                childList: false,                subtree: true,                attributeFilter: [ 'style', 'class' ],            });        } else {            triggerPostRender();        }    } );} );\n<\/script>\n<\/div><\/div>\n\n<\/div><\/div>\n\n<style>.wp-block-kadence-advancedheading.kt-adv-heading13565_f3154b-69, .wp-block-kadence-advancedheading.kt-adv-heading13565_f3154b-69[data-kb-block=\"kb-adv-heading13565_f3154b-69\"]{padding-top:var(--global-kb-spacing-sm, 1.5rem);padding-bottom:var(--global-kb-spacing-sm, 1.5rem);text-align:center;font-style:normal;}.wp-block-kadence-advancedheading.kt-adv-heading13565_f3154b-69 mark.kt-highlight, .wp-block-kadence-advancedheading.kt-adv-heading13565_f3154b-69[data-kb-block=\"kb-adv-heading13565_f3154b-69\"] mark.kt-highlight{font-style:normal;color:#f76a0c;-webkit-box-decoration-break:clone;box-decoration-break:clone;padding-top:0px;padding-right:0px;padding-bottom:0px;padding-left:0px;}.wp-block-kadence-advancedheading.kt-adv-heading13565_f3154b-69 img.kb-inline-image, .wp-block-kadence-advancedheading.kt-adv-heading13565_f3154b-69[data-kb-block=\"kb-adv-heading13565_f3154b-69\"] img.kb-inline-image{width:150px;vertical-align:baseline;}<\/style>\n<h2 class=\"kt-adv-heading13565_f3154b-69 wp-block-kadence-advancedheading has-kb-palette-5-color has-text-color\" data-kb-block=\"kb-adv-heading13565_f3154b-69\">Contacta&#8217;ns a WhatsApp<\/h2>\n\n\n\n<div class=\"gspb_button_wrapper gspb_button-id-gsbp-ab4a08c\" id=\"gspb_button-id-gsbp-ab4a08c\"><a class=\"wp-block-greenshift-blocks-buttonbox gspb-buttonbox wp-element-button\" href=\"https:\/\/wa.me\/34644125717\" target=\"_blank\" rel=\"noopener nofollow\"><span class=\"gspb-buttonbox-textwrap\"><span class=\"gspb-buttonbox-icon\"><svg class=\"\" style=\"display:inline-block;vertical-align:middle\" width=\"15\" height=\"15\" viewBox=\"0 0 896 1024\" xmlns=\"http:\/\/www.w3.org\/2000\/svg\"><path style=\"fill:#565D66\" d=\"M761.8 194.2c-83.8-84-195.4-130.2-314-130.2-244.8 0-444 199.2-444 444 0 78.2 20.4 154.6 59.2 222l-63 230 235.4-61.8c64.8 35.4 137.8 54 212.2 54h0.2c244.6 0 448.2-199.2 448.2-444 0-118.6-50.4-230-134.2-314zM447.8 877.4c-66.4 0-131.4-17.8-188-51.4l-13.4-8-139.6 36.6 37.2-136.2-8.8-14c-37-58.8-56.4-126.6-56.4-196.4 0-203.4 165.6-369 369.2-369 98.6 0 191.2 38.4 260.8 108.2s112.4 162.4 112.2 261c0 203.6-169.8 369.2-373.2 369.2zM650.2 601c-11-5.6-65.6-32.4-75.8-36-10.2-3.8-17.6-5.6-25 5.6s-28.6 36-35.2 43.6c-6.4 7.4-13 8.4-24 2.8-65.2-32.6-108-58.2-151-132-11.4-19.6 11.4-18.2 32.6-60.6 3.6-7.4 1.8-13.8-1-19.4s-25-60.2-34.2-82.4c-9-21.6-18.2-18.6-25-19-6.4-0.4-13.8-0.4-21.2-0.4s-19.4 2.8-29.6 13.8c-10.2 11.2-38.8 38-38.8 92.6s39.8 107.4 45.2 114.8c5.6 7.4 78.2 119.4 189.6 167.6 70.4 30.4 98 33 133.2 27.8 21.4-3.2 65.6-26.8 74.8-52.8s9.2-48.2 6.4-52.8c-2.6-5-10-7.8-21-13.2z\"><\/path><\/svg><\/span><span class=\"gspb-buttonbox-text\"><span class=\"gspb-buttonbox-title\">+34 644125717<\/span><\/span><\/span><\/a><\/div>\n","protected":false},"excerpt":{"rendered":"<p>Contacte Com podem ajudar-te? Contacta&#8217;ns a WhatsApp<\/p>\n","protected":false},"author":1,"featured_media":0,"parent":0,"menu_order":0,"comment_status":"closed","ping_status":"closed","template":"","meta":{"bwfblock_default_font":"","_gspb_post_css":"#gspb_button-id-gsbp-ab4a08c{display:flex;justify-content:center}#gspb_button-id-gsbp-ab4a08c .gspb-buttonbox-text{display:flex;flex-direction:column}#gspb_button-id-gsbp-ab4a08c>.gspb-buttonbox{box-sizing:border-box}#gspb_button-id-gsbp-ab4a08c>.gspb-buttonbox>.gspb-buttonbox-textwrap>.gspb-buttonbox-icon{display:flex}#gspb_button-id-gsbp-ab4a08c>.gspb-buttonbox .gspb-buttonbox-icon svg{height:40px!important;width:40px!important;min-width:40px!important;fill:currentColor!important;margin:0!important}#gspb_button-id-gsbp-ab4a08c>.gspb-buttonbox .gspb-buttonbox-icon svg path,#gspb_button-id-gsbp-ab4a08c>.gspb-buttonbox:hover .gspb-buttonbox-icon svg,#gspb_button-id-gsbp-ab4a08c>.gspb-buttonbox:hover .gspb-buttonbox-icon svg path{fill:currentColor!important}#gspb_button-id-gsbp-ab4a08c>.gspb-buttonbox>.gspb-buttonbox-textwrap{display:flex;flex-direction:row;align-items:center}#gspb_button-id-gsbp-ab4a08c .gspb-buttonbox-icon{margin-right:13px}#gspb_button-id-gsbp-ab4a08c>.gspb-buttonbox{margin-bottom:80px;background-color:#04a50f;font-size:24px;font-weight:600!important}#gspb_button-id-gsbp-ab4a08c>.gspb-buttonbox:hover{background-color:#017708!important}#gspb_button-id-gsbp-ab4a08c>.gspb-buttonbox,#gspb_button-id-gsbp-ab4a08c>.gspb-buttonbox>.gspb_backgroundOverlay{border-top-left-radius:30px;border-top-right-radius:30px;border-bottom-right-radius:30px;border-bottom-left-radius:30px}","_kad_blocks_custom_css":"","_kad_blocks_head_custom_js":"","_kad_blocks_body_custom_js":"","_kad_blocks_footer_custom_js":"","_kad_post_transparent":"","_kad_post_title":"","_kad_post_layout":"","_kad_post_sidebar_id":"","_kad_post_content_style":"","_kad_post_vertical_padding":"","_kad_post_feature":"","_kad_post_feature_position":"","_kad_post_header":false,"_kad_post_footer":false,"_kad_post_classname":"","footnotes":""},"class_list":["post-13565","page","type-page","status-publish","hentry"],"taxonomy_info":[],"featured_image_src_large":false,"author_info":{"display_name":"Natural","author_link":"https:\/\/naturalbodycenter.es\/ca\/author\/imagina\/"},"comment_info":0,"_links":{"self":[{"href":"https:\/\/naturalbodycenter.es\/ca\/wp-json\/wp\/v2\/pages\/13565","targetHints":{"allow":["GET"]}}],"collection":[{"href":"https:\/\/naturalbodycenter.es\/ca\/wp-json\/wp\/v2\/pages"}],"about":[{"href":"https:\/\/naturalbodycenter.es\/ca\/wp-json\/wp\/v2\/types\/page"}],"author":[{"embeddable":true,"href":"https:\/\/naturalbodycenter.es\/ca\/wp-json\/wp\/v2\/users\/1"}],"replies":[{"embeddable":true,"href":"https:\/\/naturalbodycenter.es\/ca\/wp-json\/wp\/v2\/comments?post=13565"}],"version-history":[{"count":2,"href":"https:\/\/naturalbodycenter.es\/ca\/wp-json\/wp\/v2\/pages\/13565\/revisions"}],"predecessor-version":[{"id":13572,"href":"https:\/\/naturalbodycenter.es\/ca\/wp-json\/wp\/v2\/pages\/13565\/revisions\/13572"}],"wp:attachment":[{"href":"https:\/\/naturalbodycenter.es\/ca\/wp-json\/wp\/v2\/media?parent=13565"}],"curies":[{"name":"wp","href":"https:\/\/api.w.org\/{rel}","templated":true}]}}